{"id":539,"date":"2018-02-14T13:35:17","date_gmt":"2018-02-14T12:35:17","guid":{"rendered":"https:\/\/miloncircle.com\/?page_id=539"},"modified":"2020-02-16T01:19:49","modified_gmt":"2020-02-16T00:19:49","slug":"franchise-mikro-kluby","status":"publish","type":"page","link":"https:\/\/miloncircle.com\/index.php\/franchise-mikro-kluby\/","title":{"rendered":"MILON FRAN\u0160\u00cdZA"},"content":{"rendered":"<p><iframe loading=\"lazy\" title=\"V\u00cdTEJTE V MILON SV\u011aT\u011a\" width=\"525\" height=\"295\" src=\"https:\/\/www.youtube.com\/embed\/dbDGAT7LlaU?feature=oembed\" frameborder=\"0\" allow=\"accelerometer; autoplay; clipboard-write; encrypted-media; gyroscope; picture-in-picture; web-share\" referrerpolicy=\"strict-origin-when-cross-origin\" allowfullscreen><\/iframe><\/p>\n<p style=\"text-align: center;\">\n<div class=\"wpcf7 no-js\" id=\"wpcf7-f807-o1\" lang=\"en-US\" dir=\"ltr\" data-wpcf7-id=\"807\">\n<div class=\"screen-reader-response\"><p role=\"status\" aria-live=\"polite\" aria-atomic=\"true\"><\/p> <ul><\/ul><\/div>\n<form action=\"\/index.php\/wp-json\/wp\/v2\/pages\/539#wpcf7-f807-o1\" method=\"post\" class=\"wpcf7-form init\" aria-label=\"Contact form\" novalidate=\"novalidate\" data-status=\"init\">\n<fieldset class=\"hidden-fields-container\"><input type=\"hidden\" name=\"_wpcf7\" value=\"807\" \/><input type=\"hidden\" name=\"_wpcf7_version\" value=\"6.1.5\" \/><input type=\"hidden\" name=\"_wpcf7_locale\" value=\"en_US\" \/><input type=\"hidden\" name=\"_wpcf7_unit_tag\" value=\"wpcf7-f807-o1\" \/><input type=\"hidden\" name=\"_wpcf7_container_post\" value=\"0\" \/><input type=\"hidden\" name=\"_wpcf7_posted_data_hash\" value=\"\" \/>\n<\/fieldset>\n<p><label> N\u00e1zev spole\u010dnosti *<br \/>\n<span class=\"wpcf7-form-control-wrap\" data-name=\"company\"><input size=\"40\" maxlength=\"400\" class=\"wpcf7-form-control wpcf7-text wpcf7-validates-as-required\" aria-required=\"true\" aria-invalid=\"false\" value=\"\" type=\"text\" name=\"company\" \/><\/span> <\/label>\n<\/p>\n<p><label> M\u011bsto *<br \/>\n<span class=\"wpcf7-form-control-wrap\" data-name=\"city\"><input size=\"40\" maxlength=\"400\" class=\"wpcf7-form-control wpcf7-text wpcf7-validates-as-required\" aria-required=\"true\" aria-invalid=\"false\" value=\"\" type=\"text\" name=\"city\" \/><\/span> <\/label>\n<\/p>\n<p><label> Kontaktn\u00ed osoba *<br \/>\n<span class=\"wpcf7-form-control-wrap\" data-name=\"contact\"><input size=\"40\" maxlength=\"400\" class=\"wpcf7-form-control wpcf7-text wpcf7-validates-as-required\" aria-required=\"true\" aria-invalid=\"false\" value=\"\" type=\"text\" name=\"contact\" \/><\/span> <\/label>\n<\/p>\n<p><label> Telefonn\u00ed \u010d\u00edslo<br \/>\n<span class=\"wpcf7-form-control-wrap\" data-name=\"phone\"><input size=\"40\" maxlength=\"400\" class=\"wpcf7-form-control wpcf7-tel wpcf7-validates-as-required wpcf7-text wpcf7-validates-as-tel\" aria-required=\"true\" aria-invalid=\"false\" value=\"\" type=\"tel\" name=\"phone\" \/><\/span> <\/label>\n<\/p>\n<p><label> E-mail *<br \/>\n<span class=\"wpcf7-form-control-wrap\" data-name=\"email\"><input size=\"40\" maxlength=\"400\" class=\"wpcf7-form-control wpcf7-email wpcf7-validates-as-required wpcf7-text wpcf7-validates-as-email\" aria-required=\"true\" aria-invalid=\"false\" value=\"\" type=\"email\" name=\"email\" \/><\/span> <\/label>\n<\/p>\n<p><input class=\"wpcf7-form-control wpcf7-submit has-spinner\" type=\"submit\" value=\"Odeslat\" \/>\n<\/p><div class=\"wpcf7-response-output\" aria-hidden=\"true\"><\/div>\n<\/form>\n<\/div>\n<\/p>\n<p><img loading=\"lazy\" decoding=\"async\" class=\"aligncenter wp-image-586 size-full\" src=\"https:\/\/miloncircle.com\/wp-content\/uploads\/2018\/02\/Schermafbeelding-2018-02-14-om-15.14.56.png\" alt=\"\" width=\"420\" height=\"568\" srcset=\"https:\/\/miloncircle.com\/wp-content\/uploads\/2018\/02\/Schermafbeelding-2018-02-14-om-15.14.56.png 420w, https:\/\/miloncircle.com\/wp-content\/uploads\/2018\/02\/Schermafbeelding-2018-02-14-om-15.14.56-222x300.png 222w\" sizes=\"auto, (max-width: 420px) 100vw, 420px\" \/><\/p>\n<p><img loading=\"lazy\" decoding=\"async\" class=\"alignnone size-full wp-image-990\" src=\"https:\/\/miloncircle.com\/wp-content\/uploads\/2020\/02\/1x-Space-plan-Atmosfera.png\" alt=\"\" width=\"605\" height=\"541\" \/><\/p>\n<p>&nbsp;<\/p>\n<p>&nbsp;<\/p>\n","protected":false},"excerpt":{"rendered":"<p>&nbsp; &nbsp;<\/p>\n","protected":false},"author":5,"featured_media":0,"parent":0,"menu_order":0,"comment_status":"closed","ping_status":"closed","template":"","meta":{"footnotes":""},"class_list":["post-539","page","type-page","status-publish","hentry"],"_links":{"self":[{"href":"https:\/\/miloncircle.com\/index.php\/wp-json\/wp\/v2\/pages\/539","targetHints":{"allow":["GET"]}}],"collection":[{"href":"https:\/\/miloncircle.com\/index.php\/wp-json\/wp\/v2\/pages"}],"about":[{"href":"https:\/\/miloncircle.com\/index.php\/wp-json\/wp\/v2\/types\/page"}],"author":[{"embeddable":true,"href":"https:\/\/miloncircle.com\/index.php\/wp-json\/wp\/v2\/users\/5"}],"replies":[{"embeddable":true,"href":"https:\/\/miloncircle.com\/index.php\/wp-json\/wp\/v2\/comments?post=539"}],"version-history":[{"count":17,"href":"https:\/\/miloncircle.com\/index.php\/wp-json\/wp\/v2\/pages\/539\/revisions"}],"predecessor-version":[{"id":1006,"href":"https:\/\/miloncircle.com\/index.php\/wp-json\/wp\/v2\/pages\/539\/revisions\/1006"}],"wp:attachment":[{"href":"https:\/\/miloncircle.com\/index.php\/wp-json\/wp\/v2\/media?parent=539"}],"curies":[{"name":"wp","href":"https:\/\/api.w.org\/{rel}","templated":true}]}}